{"id":65,"date":"2025-01-30T12:54:03","date_gmt":"2025-01-30T12:54:03","guid":{"rendered":"https:\/\/impulsodigital.pro\/?page_id=65"},"modified":"2025-01-30T12:54:03","modified_gmt":"2025-01-30T12:54:03","slug":"aviso-legal","status":"publish","type":"page","link":"https:\/\/impulsodigital.pro\/en\/aviso-legal\/","title":{"rendered":"Aviso legal"},"content":{"rendered":"<p>impulsodigital.pro se reserva expresamente el derecho a modificar el presente Aviso Legal. El usuario reconoce y acepta que es su responsabilidad revisar el Sitio Web y este Aviso Legal.<br>Aceptaci\u00f3n del usuario<br>El presente Aviso Legal regula el acceso y uso de la p\u00e1gina web mariohormigonimpreso.es a disposici\u00f3n de los usuarios de Internet. Se entender\u00e1 por Usuario la persona que acceda, navegue, utilice o participe en los servicios y actividades del sitio web. El acceso y navegaci\u00f3n de un usuario implica la aceptaci\u00f3n sin reservas de este Aviso Legal.<\/p>\n\n\n\n<p><strong>DATOS IDENTIFICATIVOS<\/strong><\/p>\n\n\n\n<p>El responsable y titular de este sitio web es:<\/p>\n\n\n\n<ul class=\"wp-block-list\">\n<li><strong>Nombre:<\/strong> impulsodigital.pro<\/li>\n\n\n\n<li><strong>Domicilio Social: <\/strong>Menorca<\/li>\n\n\n\n<li><strong>Actividad de la p\u00e1gina web<\/strong>: divulgaci\u00f3n de contenido informativo relativo a la opiniones y reviews sobre cursos online y recomendaci\u00f3n de productos mediante marketing de afiliaci\u00f3n.<\/li>\n\n\n\n<li><strong>Correo electr\u00f3nico<\/strong>: impulsodigitalsem@gmail.com<\/li>\n<\/ul>\n\n\n\n<p>Los datos facilitados con tu consentimiento, ser\u00e1n incorporados a un fichero automatizado debidamente inscrito en la Agencia Espa\u00f1ola de Protecci\u00f3n de Datos, cuyo responsable es mariohormigonimpreso.es<\/p>\n\n\n\n<h2 class=\"wp-block-heading\"><strong>Uso de la p\u00e1gina web<\/strong><\/h2>\n\n\n\n<p>El usuario se compromete a utilizar tuacademiaonline360, los contenidos y servicios de conformidad con la Ley, el presente Aviso Legal, las buenas costumbres y el orden p\u00fablico. Asimismo, el Usuario se compromete a no utilizarlo con fines o efectos il\u00edcitos o contrarios al contenido del presente Aviso Legal, lesivos de los intereses o derechos de terceros, o que de cualquier forma puedan da\u00f1ar, inutilizar o deteriorar el sitio web o sus servicios o impedir el normal disfrute del sitio web por otros Usuarios.<br>El usuario se compromete a no obstaculizar el acceso de otros usuarios al servicio de acceso mediante el consumo masivo de los recursos inform\u00e1ticos a trav\u00e9s de los cuales se presta el servicio, as\u00ed como a realizar acciones que da\u00f1en, interrumpan o generen errores en dichos sistemas o servicios. El usuario se compromete a hacer un uso adecuado de los contenidos y servicios y a no emplearlos para incurrir en actividades il\u00edcitas o contrarias a la buena fe.<\/p>\n\n\n\n<h2 class=\"wp-block-heading\"><strong>Limitaci\u00f3n de garant\u00edas y responsabilidad<\/strong><\/h2>\n\n\n\n<p>impulsodigital.pro se compromete a realizar los m\u00e1ximos esfuerzos para evitar cualquier error en los contenidos que pudieran aparecer en la Web. En cualquier caso, impulsodigital.pro quedar\u00e1 exenta de cualquier responsabilidad derivada de los errores en los contenidos que pudieran aparecer en la Web, siempre que no sean imputables a la misma.<\/p>\n\n\n\n<h2 class=\"wp-block-heading\"><strong>Propiedad intelectual e industrial. Todos los derechos reservados.<\/strong><\/h2>\n\n\n\n<p>Todos los derechos de propiedad intelectual e industrial del sitio web as\u00ed como de sus contenidos (textos, im\u00e1genes, sonidos, audio, v\u00eddeo, dise\u00f1os, creatividades, software) pertenecen a tuacademiaonline360<br>Queda expresamente prohibida la reproducci\u00f3n, distribuci\u00f3n y comunicaci\u00f3n p\u00fablica, incluida la forma en que se pone a disposici\u00f3n, de todo o parte de los contenidos de este sitio web con fines comerciales, en cualquier soporte y por cualquier medio t\u00e9cnico, sin autorizaci\u00f3n. El usuario se compromete a respetar los derechos de Propiedad Industrial e Intelectual titularidad de mariohormigonimpreso.es y de terceros.<br>El usuario podr\u00e1 visualizar todos los elementos, imprimirlos, copiarlos y almacenarlos en el disco duro de su ordenador o en cualquier otro soporte f\u00edsico siempre que sea, \u00fanica y exclusivamente, para su uso personal y privado, quedando, por tanto, terminantemente prohibida su utilizaci\u00f3n con fines comerciales, su distribuci\u00f3n, modificaci\u00f3n, alteraci\u00f3n o descompilaci\u00f3n.<\/p>\n\n\n\n<h2 class=\"wp-block-heading\"><strong>Responsabilidad por los contenidos y enlaces de terceros<\/strong><\/h2>\n\n\n\n<p>impulsodigital.pro no se responsabiliza de la legalidad de las p\u00e1ginas web de terceros desde las que se pueda acceder al portal. impulsodigital.pro tampoco se responsabiliza de la legalidad de las p\u00e1ginas web de terceros a las que se pueda enlazar desde este portal.<br>impulsodigital.pro no ser\u00e1 responsable del uso que terceros hagan de la informaci\u00f3n publicada en el portal, ni de los da\u00f1os o perjuicios econ\u00f3micos que, directa o indirectamente, produzcan o puedan producir da\u00f1os econ\u00f3micos, materiales o de datos causados por el uso de dicha informaci\u00f3n.<\/p>\n\n\n\n<h2 class=\"wp-block-heading\"><strong>Derecho aplicable<\/strong><\/h2>\n\n\n\n<p>La legislaci\u00f3n aplicable en caso de litigio o conflicto de interpretaci\u00f3n de los t\u00e9rminos que integran el presente aviso legal, as\u00ed como cualquier cuesti\u00f3n relacionada con los servicios de este portal, ser\u00e1 la legislaci\u00f3n espa\u00f1ola.<\/p>\n\n\n\n<p>M\u00e1s informaci\u00f3n sobre las cookies<\/p>","protected":false},"excerpt":{"rendered":"<p>impulsodigital.pro se reserva expresamente el derecho a modificar el presente Aviso Legal. El usuario reconoce y acepta que es su responsabilidad revisar el Sitio Web y este Aviso Legal.Aceptaci\u00f3n del usuarioEl presente Aviso Legal regula el acceso y uso de la p\u00e1gina web mariohormigonimpreso.es a disposici\u00f3n de los usuarios de Internet. Se entender\u00e1 por Usuario [&hellip;]<\/p>\n","protected":false},"author":1,"featured_media":0,"parent":0,"menu_order":0,"comment_status":"closed","ping_status":"closed","template":"","meta":{"footnotes":""},"class_list":["post-65","page","type-page","status-publish","hentry"],"_links":{"self":[{"href":"https:\/\/impulsodigital.pro\/en\/wp-json\/wp\/v2\/pages\/65","targetHints":{"allow":["GET"]}}],"collection":[{"href":"https:\/\/impulsodigital.pro\/en\/wp-json\/wp\/v2\/pages"}],"about":[{"href":"https:\/\/impulsodigital.pro\/en\/wp-json\/wp\/v2\/types\/page"}],"author":[{"embeddable":true,"href":"https:\/\/impulsodigital.pro\/en\/wp-json\/wp\/v2\/users\/1"}],"replies":[{"embeddable":true,"href":"https:\/\/impulsodigital.pro\/en\/wp-json\/wp\/v2\/comments?post=65"}],"version-history":[{"count":1,"href":"https:\/\/impulsodigital.pro\/en\/wp-json\/wp\/v2\/pages\/65\/revisions"}],"predecessor-version":[{"id":67,"href":"https:\/\/impulsodigital.pro\/en\/wp-json\/wp\/v2\/pages\/65\/revisions\/67"}],"wp:attachment":[{"href":"https:\/\/impulsodigital.pro\/en\/wp-json\/wp\/v2\/media?parent=65"}],"curies":[{"name":"wp","href":"https:\/\/api.w.org\/{rel}","templated":true}]}}