{"id":3,"date":"2024-11-04T14:57:47","date_gmt":"2024-11-04T14:57:47","guid":{"rendered":"https:\/\/impulsodigital.pro\/?page_id=3"},"modified":"2025-01-30T12:50:57","modified_gmt":"2025-01-30T12:50:57","slug":"privacy-policy","status":"publish","type":"page","link":"https:\/\/impulsodigital.pro\/en\/privacy-policy\/","title":{"rendered":"Pol\u00edtica de privacidad"},"content":{"rendered":"<h2 class=\"wp-block-heading\">La pol\u00edtica de privacidad de impulsodigital.pro tiene por objeto informarle de la manera en que recopilamos y utilizamos la informaci\u00f3n obtenida a trav\u00e9s de este sitio web.<\/h2>\n\n\n\n<p>De ese modo la presente Pol\u00edtica de Privacidad establece los t\u00e9rminos en los que impulsodigital.pro utiliza y protege la informaci\u00f3n que sus usuarios proporcionan al utilizar su sitio web. Cuando le pedimos que rellene los campos de informaci\u00f3n personal con la que pueda ser identificado, lo hacemos asegur\u00e1ndonos de que s\u00f3lo se utilizar\u00e1 de acuerdo con los t\u00e9rminos de este documento. Sin embargo, esta Pol\u00edtica de Privacidad puede cambiar de vez en cuando o ser actualizada y le recomendamos que revise esta p\u00e1gina de vez en cuando para asegurarse de que est\u00e1 de acuerdo con dichos cambios.<\/p>\n\n\n\n<p><strong>DATOS IDENTIFICATIVOS<\/strong><\/p>\n\n\n\n<p>El responsable y titular de este sitio web es:<\/p>\n\n\n\n<ul class=\"wp-block-list\">\n<li><strong>Nombre:<\/strong> impulsodigital.pro<\/li>\n\n\n\n<li><strong>Domicilio Social: <\/strong>Menorca<\/li>\n\n\n\n<li><strong>Actividad de la p\u00e1gina web<\/strong>: divulgaci\u00f3n de contenido informativo relativo a la opiniones y reviews sobre cursos online y recomendaci\u00f3n de productos mediante marketing de afiliaci\u00f3n.<\/li>\n\n\n\n<li><strong>Correo electr\u00f3nico<\/strong>: impulsodigitalsem@gmail.com<\/li>\n<\/ul>\n\n\n\n<p>Los datos facilitados con tu consentimiento, ser\u00e1n incorporados a un fichero automatizado debidamente inscrito en la Agencia Espa\u00f1ola de Protecci\u00f3n de Datos, cuyo responsable es impulsodigital.pro<\/p>\n\n\n\n<h2 class=\"wp-block-heading\"><strong>Informaci\u00f3n que se recopila<\/strong><\/h2>\n\n\n\n<p>Nuestro sitio web puede recopilar informaci\u00f3n personal como su nombre, informaci\u00f3n de contacto como su direcci\u00f3n de correo electr\u00f3nico e informaci\u00f3n demogr\u00e1fica. Tambi\u00e9n, cuando sea necesario, se puede requerir informaci\u00f3n espec\u00edfica para procesar un pedido o realizar una entrega o facturaci\u00f3n.<\/p>\n\n\n\n<h2 class=\"wp-block-heading\"><strong>Uso de la informaci\u00f3n recopilada<\/strong><\/h2>\n\n\n\n<p>Nuestro sitio web utiliza la informaci\u00f3n con el fin de proporcionar el mejor servicio posible, en particular para realizar un seguimiento de los usuarios, para hacer un seguimiento de los pedidos en su caso, y para mejorar nuestros productos y servicios.&nbsp; Los correos electr\u00f3nicos pueden ser enviados peri\u00f3dicamente a trav\u00e9s de nuestro sitio con ofertas especiales, nuevos productos y otra informaci\u00f3n publicitaria que consideremos relevante para usted o que pueda proporcionarle un beneficio, estos correos electr\u00f3nicos ser\u00e1n enviados a la direcci\u00f3n que usted proporcione y podr\u00e1n ser cancelados en cualquier momento.<\/p>\n\n\n\n<p>Opinionreal.com est\u00e1 altamente comprometido a mantener su informaci\u00f3n segura. Utilizamos los sistemas m\u00e1s avanzados y los actualizamos constantemente para asegurarnos de que no haya acceso no autorizado.<\/p>\n\n\n\n<h2 class=\"wp-block-heading\"><strong>Cookies<\/strong><\/h2>\n\n\n\n<p>Una cookie se refiere a un archivo que se env\u00eda con el fin de solicitar permiso para ser almacenado en su ordenador, mediante la aceptaci\u00f3n de este archivo se crea y la cookie a continuaci\u00f3n, sirve para tener informaci\u00f3n sobre el tr\u00e1fico web, y tambi\u00e9n facilita futuras visitas a un sitio web recurrente. Otra funci\u00f3n que tienen las cookies es que con ellas los sitios web pueden reconocerle individualmente y por lo tanto proporcionarle el mejor servicio personalizado en su sitio web.<\/p>\n\n\n\n<p>Nuestro sitio web utiliza cookies para identificar las p\u00e1ginas que son visitadas y su frecuencia. Esta informaci\u00f3n se utiliza \u00fanicamente para el an\u00e1lisis estad\u00edstico y, a continuaci\u00f3n, se elimina de forma permanente. Usted puede eliminar las cookies de su ordenador en cualquier momento. Sin embargo, las cookies ayudan a proporcionar un mejor servicio de los sitios web, que no dan acceso a la informaci\u00f3n de su ordenador o de usted, a menos que desee y proporcionar directamente, las visitas a un sitio web&#8230;.. Usted puede aceptar o rechazar el uso de cookies, sin embargo la mayor\u00eda de los navegadores aceptan cookies autom\u00e1ticamente ya que sirve para tener un mejor servicio web. Tambi\u00e9n puede cambiar la configuraci\u00f3n de su ordenador para rechazar las cookies. Si se rechazan, es posible que no pueda utilizar algunos de nuestros servicios.<\/p>\n\n\n\n<h2 class=\"wp-block-heading\"><strong>Enlaces de terceros<\/strong><\/h2>\n\n\n\n<p>Este sitio web puede contener enlaces a otros sitios que pueden ser de su inter\u00e9s. Una vez que haga clic en estos enlaces y abandone nuestro sitio, dejaremos de tener control sobre el sitio al que ha sido redirigido y, por lo tanto, no seremos responsables de los t\u00e9rminos ni de la privacidad y protecci\u00f3n de datos de esos otros sitios de terceros. Estos sitios est\u00e1n sujetos a sus propias pol\u00edticas de privacidad, as\u00ed que por favor rev\u00edselas para confirmar que est\u00e1 de acuerdo con ellas.<\/p>\n\n\n\n<h2 class=\"wp-block-heading\"><strong>Control de su informaci\u00f3n personal<\/strong><\/h2>\n\n\n\n<p>En cualquier momento usted puede restringir la recopilaci\u00f3n o el uso de la informaci\u00f3n personal que se proporciona a nuestro sitio web.&nbsp; Cada vez que se le pida que rellene un formulario, como el formulario de registro de usuario, puede marcar o desmarcar la opci\u00f3n para recibir informaci\u00f3n por correo electr\u00f3nico.&nbsp; Si ha marcado la casilla para recibir nuestro bolet\u00edn o anuncio, puede cancelarlo en cualquier momento.<\/p>\n\n\n\n<p>Esta compa\u00f1\u00eda no vender\u00e1, dar\u00e1 o distribuir\u00e1 la informaci\u00f3n personal que se recoge sin su consentimiento, a menos que sea requerido por una orden judicial.<\/p>\n\n\n\n<p>impulsodigital.pro se reserva el derecho de cambiar los t\u00e9rminos de esta Pol\u00edtica de Privacidad en cualquier momento.<\/p>","protected":false},"excerpt":{"rendered":"<p>La pol\u00edtica de privacidad de impulsodigital.pro tiene por objeto informarle de la manera en que recopilamos y utilizamos la informaci\u00f3n obtenida a trav\u00e9s de este sitio web. De ese modo la presente Pol\u00edtica de Privacidad establece los t\u00e9rminos en los que impulsodigital.pro utiliza y protege la informaci\u00f3n que sus usuarios proporcionan al utilizar su sitio [&hellip;]<\/p>\n","protected":false},"author":1,"featured_media":0,"parent":0,"menu_order":0,"comment_status":"closed","ping_status":"open","template":"","meta":{"footnotes":""},"class_list":["post-3","page","type-page","status-publish","hentry"],"_links":{"self":[{"href":"https:\/\/impulsodigital.pro\/en\/wp-json\/wp\/v2\/pages\/3","targetHints":{"allow":["GET"]}}],"collection":[{"href":"https:\/\/impulsodigital.pro\/en\/wp-json\/wp\/v2\/pages"}],"about":[{"href":"https:\/\/impulsodigital.pro\/en\/wp-json\/wp\/v2\/types\/page"}],"author":[{"embeddable":true,"href":"https:\/\/impulsodigital.pro\/en\/wp-json\/wp\/v2\/users\/1"}],"replies":[{"embeddable":true,"href":"https:\/\/impulsodigital.pro\/en\/wp-json\/wp\/v2\/comments?post=3"}],"version-history":[{"count":1,"href":"https:\/\/impulsodigital.pro\/en\/wp-json\/wp\/v2\/pages\/3\/revisions"}],"predecessor-version":[{"id":61,"href":"https:\/\/impulsodigital.pro\/en\/wp-json\/wp\/v2\/pages\/3\/revisions\/61"}],"wp:attachment":[{"href":"https:\/\/impulsodigital.pro\/en\/wp-json\/wp\/v2\/media?parent=3"}],"curies":[{"name":"wp","href":"https:\/\/api.w.org\/{rel}","templated":true}]}}