{"id":16,"date":"2025-01-22T05:49:48","date_gmt":"2025-01-22T05:49:48","guid":{"rendered":"https:\/\/impulsodigital.pro\/?page_id=16"},"modified":"2026-03-04T19:50:36","modified_gmt":"2026-03-04T19:50:36","slug":"home3","status":"publish","type":"page","link":"https:\/\/impulsodigital.pro\/en\/home3\/","title":{"rendered":"Home3"},"content":{"rendered":"\t\t<div data-elementor-type=\"wp-page\" data-elementor-id=\"16\" class=\"elementor elementor-16\" data-elementor-post-type=\"page\">\n\t\t\t\t<div class=\"elementor-element elementor-element-bc34b12 e-flex e-con-boxed e-con e-parent\" data-id=\"bc34b12\" data-element_type=\"container\" data-e-type=\"container\">\n\t\t\t\t\t<div class=\"e-con-inner\">\n\t\t\t\t<div class=\"elementor-element elementor-element-563cf25 elementor-widget elementor-widget-heading\" data-id=\"563cf25\" data-element_type=\"widget\" data-e-type=\"widget\" data-widget_type=\"heading.default\">\n\t\t\t\t<div class=\"elementor-widget-container\">\n\t\t\t\t\t<h2 class=\"elementor-heading-title elementor-size-default\">Impulso Digital SEM<\/h2>\t\t\t\t<\/div>\n\t\t\t\t<\/div>\n\t\t\t\t<div class=\"elementor-element elementor-element-4fa8bf6 elementor-widget elementor-widget-heading\" data-id=\"4fa8bf6\" data-element_type=\"widget\" data-e-type=\"widget\" data-widget_type=\"heading.default\">\n\t\t\t\t<div class=\"elementor-widget-container\">\n\t\t\t\t\t<h2 class=\"elementor-heading-title elementor-size-default\">Agencia  de Google ads<\/h2>\t\t\t\t<\/div>\n\t\t\t\t<\/div>\n\t\t\t\t<div class=\"elementor-element elementor-element-48d7b5c elementor-widget elementor-widget-text-editor\" data-id=\"48d7b5c\" data-element_type=\"widget\" data-e-type=\"widget\" data-widget_type=\"text-editor.default\">\n\t\t\t\t<div class=\"elementor-widget-container\">\n\t\t\t\t\t\t\t\t\t<p class=\"p2\">Ahora mismo escribiendo esto estoy en Hoi An el pueblo conocido por ser el m\u00e1s bonito de Vietnam por calles decoradas llenas de farolillos, sus pintorescos barcos y sus calles llenas de vida. Pensando qu\u00e9 poner para persuadir a los lectores, no mostrar necesidad, y crear una emoci\u00f3n para que me env\u00eden un correo, y empezar a trabajar juntos. Al final me dais vuestra opini\u00f3n\u2026si?<\/p><p class=\"p2\">Si est\u00e1s aqu\u00ed ser\u00e1 porque buscas ayuda con tus campa\u00f1as en Google ads o buscas a alguien que te haga alguna consultor\u00eda para mejorar tus resultados. Si no es as\u00ed, fuera de aqu\u00ed. No molestes. Ni pierdas tu tiempo.<\/p><p class=\"p2\">Vale, a ver. Despu\u00e9s de estar viajando solo unos meses, aprendes como todo, a diferenciar entre estafas y gente honesta, a regatear mejor, (aqu\u00ed se regatea todo) a comprar mejor, a elegir mejores planes, a comer mejor, a socializar m\u00e1s y en definitiva, a vivir mejor, que es lo que al final buscamos todos. Eso se consigue con experiencia, no? (Siempre que se aplica lo aprendido, claro) Y qu\u00e9 te la da? El tiempo. Lo que hoy en d\u00eda se considera \u201c\u00e9xito\u201d ya no es tanto el \u201cdinero\u201d como antes, que tambi\u00e9n, sino m\u00e1s bien el \u201ctiempo\u201d que uno tiene en vida. Un d\u00eda vi un reel en instagram que dec\u00eda:<span class=\"Apple-converted-space\">\u00a0 <\/span>qu\u00e9 prefieres, tener 500 millones de euros a los 50 a\u00f1os, o tener 0 euros pero 20 a\u00f1os? Supongo que todo el mundo elegir\u00eda tener 20 a\u00f1os lo que significa que el tiempo vale m\u00e1s que todo el dinero del mundo.<\/p><p class=\"p2\">Lo mismo ocurre con Google ads. Si llevas tiempo en el mundo digital sabes qu\u00e9 funciona mejor, c\u00f3mo hacerlo, y cuando hacerlo. Y m\u00e1s si has visto y gestionando m\u00e1s de 300 cuentas, como yo.<\/p><p class=\"p2\">Importante.<\/p><p class=\"p2\">Sigamos descartando a gente.<\/p><p class=\"p2\">No quiero a gente que no invierta m\u00e1s de 3000\u20ac\/ mes. Solo gente implicada, si pido im\u00e1genes que las mande lo antes posible, si pido v\u00eddeos, igual. Se paga la primera semana de cada mes. Solo negocios validados. Las pruebas en el laboratorio.<b> <\/b>Google ads no hace milagros ni est\u00e1 para salvar negocios de la quiebra, pero una buena estrategia puede aportarte mucho y generar m\u00e1s ventas. Seguro. Validado.<\/p><p class=\"p2\">Abajo te dejo algunos testimonios de clientes para que te convenzan a\u00fan m\u00e1s:<\/p><p class=\"p2\">\u00a0<\/p>\t\t\t\t\t\t\t\t<\/div>\n\t\t\t\t<\/div>\n\t\t\t\t\t<\/div>\n\t\t\t\t<\/div>\n\t\t<div class=\"elementor-element elementor-element-203b268 e-grid e-con-boxed e-con e-parent\" data-id=\"203b268\" data-element_type=\"container\" data-e-type=\"container\">\n\t\t\t\t\t<div class=\"e-con-inner\">\n\t\t\t\t<div class=\"elementor-element elementor-element-7b7e694 elementor-position-top elementor-widget elementor-widget-image-box\" data-id=\"7b7e694\" data-element_type=\"widget\" data-e-type=\"widget\" data-widget_type=\"image-box.default\">\n\t\t\t\t<div class=\"elementor-widget-container\">\n\t\t\t\t\t<div class=\"elementor-image-box-wrapper\"><figure class=\"elementor-image-box-img\"><img fetchpriority=\"high\" decoding=\"async\" width=\"534\" height=\"463\" src=\"https:\/\/impulsodigital.pro\/wp-content\/uploads\/2025\/03\/Captura-de-pantalla-2025-03-10-195341.png\" class=\"attachment-full size-full wp-image-110\" alt=\"\" srcset=\"https:\/\/impulsodigital.pro\/wp-content\/uploads\/2025\/03\/Captura-de-pantalla-2025-03-10-195341.png 534w, https:\/\/impulsodigital.pro\/wp-content\/uploads\/2025\/03\/Captura-de-pantalla-2025-03-10-195341-300x260.png 300w\" sizes=\"(max-width: 534px) 100vw, 534px\" \/><\/figure><div class=\"elementor-image-box-content\"><h3 class=\"elementor-image-box-title\">Josep Lluis Molina <br>Talento Digital<\/h3><p class=\"elementor-image-box-description\">\"Nelson y su equipo son verdaderos especialistas en el mundo del marketing online, con un enfoque particular en Google Ads, donde destacan por crear campa\u00f1as altamente estructuradas que logran sus metas de forma constante.\n\nAdem\u00e1s, tienen una gran disposici\u00f3n para establecer acuerdos comerciales que beneficien a ambas partes. He notado que siempre est\u00e1n disponibles, incluso los fines de semana. \u00a1Sin duda, los recomiendo mucho!\"<\/p><\/div><\/div>\t\t\t\t<\/div>\n\t\t\t\t<\/div>\n\t\t\t\t<div class=\"elementor-element elementor-element-efce7b6 elementor-position-top elementor-widget elementor-widget-image-box\" data-id=\"efce7b6\" data-element_type=\"widget\" data-e-type=\"widget\" data-widget_type=\"image-box.default\">\n\t\t\t\t<div class=\"elementor-widget-container\">\n\t\t\t\t\t<div class=\"elementor-image-box-wrapper\"><figure class=\"elementor-image-box-img\"><img decoding=\"async\" width=\"431\" height=\"341\" src=\"https:\/\/impulsodigital.pro\/wp-content\/uploads\/2025\/03\/Captura-de-pantalla-2025-03-10-193857-e1741633238475.png\" class=\"attachment-full size-full wp-image-106\" alt=\"\" srcset=\"https:\/\/impulsodigital.pro\/wp-content\/uploads\/2025\/03\/Captura-de-pantalla-2025-03-10-193857-e1741633238475.png 431w, https:\/\/impulsodigital.pro\/wp-content\/uploads\/2025\/03\/Captura-de-pantalla-2025-03-10-193857-e1741633238475-300x237.png 300w\" sizes=\"(max-width: 431px) 100vw, 431px\" \/><\/figure><div class=\"elementor-image-box-content\"><h3 class=\"elementor-image-box-title\">Amanda Nunes <br>Muebles &amp; Estilo<\/h3><p class=\"elementor-image-box-description\">\"La publicidad en Google nunca me hab\u00eda funcionado hasta que di con Impulso Digital. Desde la primera reuni\u00f3n entendieron mi sector y mis objetivos, y en poco tiempo empec\u00e9 a notar los resultados. Adem\u00e1s, el equipo siempre est\u00e1 disponible para hacer ajustes y mejorar las campa\u00f1as. \u00a1Una gran decisi\u00f3n haber confiado en ellos!\"<\/p><\/div><\/div>\t\t\t\t<\/div>\n\t\t\t\t<\/div>\n\t\t\t\t<div class=\"elementor-element elementor-element-a035feb elementor-position-top elementor-widget elementor-widget-image-box\" data-id=\"a035feb\" data-element_type=\"widget\" data-e-type=\"widget\" data-widget_type=\"image-box.default\">\n\t\t\t\t<div class=\"elementor-widget-container\">\n\t\t\t\t\t<div class=\"elementor-image-box-wrapper\"><figure class=\"elementor-image-box-img\"><img decoding=\"async\" width=\"1024\" height=\"980\" src=\"https:\/\/impulsodigital.pro\/wp-content\/uploads\/2025\/03\/5-e1741631459456.jpg\" class=\"attachment-full size-full wp-image-92\" alt=\"\" srcset=\"https:\/\/impulsodigital.pro\/wp-content\/uploads\/2025\/03\/5-e1741631459456.jpg 1024w, https:\/\/impulsodigital.pro\/wp-content\/uploads\/2025\/03\/5-e1741631459456-300x287.jpg 300w, https:\/\/impulsodigital.pro\/wp-content\/uploads\/2025\/03\/5-e1741631459456-768x735.jpg 768w\" sizes=\"(max-width: 1024px) 100vw, 1024px\" \/><\/figure><div class=\"elementor-image-box-content\"><h3 class=\"elementor-image-box-title\">J\u00falia San Mart\u00ed <\/h3><p class=\"elementor-image-box-description\">\"Estoy encantada con los resultados y con la atenci\u00f3n recibida por parte de Nelson. Me ayudaron a crear mi cuenta de Google Ads desde cero, y gracias a sus estrategias, no he parado de recibir clientes nuevos. <\/p><\/div><\/div>\t\t\t\t<\/div>\n\t\t\t\t<\/div>\n\t\t\t\t\t<\/div>\n\t\t\t\t<\/div>\n\t\t<div class=\"elementor-element elementor-element-7b30be4 e-grid e-con-boxed e-con e-parent\" data-id=\"7b30be4\" data-element_type=\"container\" data-e-type=\"container\">\n\t\t\t\t\t<div class=\"e-con-inner\">\n\t\t\t\t<div class=\"elementor-element elementor-element-7109b5e elementor-position-top elementor-widget elementor-widget-image-box\" data-id=\"7109b5e\" data-element_type=\"widget\" data-e-type=\"widget\" data-widget_type=\"image-box.default\">\n\t\t\t\t<div class=\"elementor-widget-container\">\n\t\t\t\t\t<div class=\"elementor-image-box-wrapper\"><figure class=\"elementor-image-box-img\"><img loading=\"lazy\" decoding=\"async\" width=\"475\" height=\"562\" src=\"https:\/\/impulsodigital.pro\/wp-content\/uploads\/2025\/03\/Captura-de-pantalla-2025-03-10-195159.png\" class=\"attachment-full size-full wp-image-108\" alt=\"\" srcset=\"https:\/\/impulsodigital.pro\/wp-content\/uploads\/2025\/03\/Captura-de-pantalla-2025-03-10-195159.png 475w, https:\/\/impulsodigital.pro\/wp-content\/uploads\/2025\/03\/Captura-de-pantalla-2025-03-10-195159-254x300.png 254w\" sizes=\"(max-width: 475px) 100vw, 475px\" \/><\/figure><div class=\"elementor-image-box-content\"><h3 class=\"elementor-image-box-title\">Mar\u00eda Santos Rodrigues <br>Est\u00e9tica Nova \n<\/h3><p class=\"elementor-image-box-description\">\"Al principio ten\u00eda muchas dudas sobre invertir en Google Ads, pero el equipo de Impulso Digital me asesor\u00f3 desde el primer momento y me mostr\u00f3 c\u00f3mo hacerlo de manera efectiva. La diferencia ha sido brutal: en pocas semanas ya estaba viendo un retorno de inversi\u00f3n significativo. Adem\u00e1s, el trato es cercano y profesional, siempre dispuestos a resolver dudas. Muy contenta con el servicio.\"<\/p><\/div><\/div>\t\t\t\t<\/div>\n\t\t\t\t<\/div>\n\t\t\t\t<div class=\"elementor-element elementor-element-2e8cb64 elementor-position-top elementor-widget elementor-widget-image-box\" data-id=\"2e8cb64\" data-element_type=\"widget\" data-e-type=\"widget\" data-widget_type=\"image-box.default\">\n\t\t\t\t<div class=\"elementor-widget-container\">\n\t\t\t\t\t<div class=\"elementor-image-box-wrapper\"><figure class=\"elementor-image-box-img\"><img loading=\"lazy\" decoding=\"async\" width=\"1024\" height=\"978\" src=\"https:\/\/impulsodigital.pro\/wp-content\/uploads\/2025\/03\/1-e1741631446763.jpg\" class=\"attachment-full size-full wp-image-96\" alt=\"\" srcset=\"https:\/\/impulsodigital.pro\/wp-content\/uploads\/2025\/03\/1-e1741631446763.jpg 1024w, https:\/\/impulsodigital.pro\/wp-content\/uploads\/2025\/03\/1-e1741631446763-300x287.jpg 300w, https:\/\/impulsodigital.pro\/wp-content\/uploads\/2025\/03\/1-e1741631446763-768x734.jpg 768w\" sizes=\"(max-width: 1024px) 100vw, 1024px\" \/><\/figure><div class=\"elementor-image-box-content\"><h3 class=\"elementor-image-box-title\">Miquel Santa Eulalia<br>AppLatam<\/h3><p class=\"elementor-image-box-description\">\"Desde que contrat\u00e9 a Impulso Digital para gestionar mis campa\u00f1as en Google Ads, mi negocio ha dado un giro total. Antes apenas recib\u00eda clientes por internet, pero ahora noto la diferencia con un flujo constante de contactos nuevos cada semana. Adem\u00e1s, el equipo siempre est\u00e1 pendiente de optimizar las campa\u00f1as y explicarme cada paso. \u00a1S\u00faper recomendados!\"<\/p><\/div><\/div>\t\t\t\t<\/div>\n\t\t\t\t<\/div>\n\t\t\t\t<div class=\"elementor-element elementor-element-a30941f elementor-position-top elementor-widget elementor-widget-image-box\" data-id=\"a30941f\" data-element_type=\"widget\" data-e-type=\"widget\" data-widget_type=\"image-box.default\">\n\t\t\t\t<div class=\"elementor-widget-container\">\n\t\t\t\t\t<div class=\"elementor-image-box-wrapper\"><figure class=\"elementor-image-box-img\"><img loading=\"lazy\" decoding=\"async\" width=\"432\" height=\"380\" src=\"https:\/\/impulsodigital.pro\/wp-content\/uploads\/2025\/03\/Captura-de-pantalla-2025-03-10-195426.png\" class=\"attachment-full size-full wp-image-111\" alt=\"\" srcset=\"https:\/\/impulsodigital.pro\/wp-content\/uploads\/2025\/03\/Captura-de-pantalla-2025-03-10-195426.png 432w, https:\/\/impulsodigital.pro\/wp-content\/uploads\/2025\/03\/Captura-de-pantalla-2025-03-10-195426-300x264.png 300w\" sizes=\"(max-width: 432px) 100vw, 432px\" \/><\/figure><div class=\"elementor-image-box-content\"><h3 class=\"elementor-image-box-title\">Juan Ignacio Vargas<br>Sabores de la Patagonia<\/h3><p class=\"elementor-image-box-description\">\"Prob\u00e9 varias agencias antes de encontrar a Impulso Digital, y la diferencia ha sido enorme. No solo crearon una estrategia personalizada para mi negocio, sino que tambi\u00e9n optimizan constantemente mis anuncios para mejorar el rendimiento. En solo dos meses, mi inversi\u00f3n en publicidad se ha traducido en clientes reales y m\u00e1s ingresos. \u00a1Servicio de 10!\"<\/p><\/div><\/div>\t\t\t\t<\/div>\n\t\t\t\t<\/div>\n\t\t\t\t\t<\/div>\n\t\t\t\t<\/div>\n\t\t<div class=\"elementor-element elementor-element-3e303b1 e-flex e-con-boxed e-con e-parent\" data-id=\"3e303b1\" data-element_type=\"container\" data-e-type=\"container\">\n\t\t\t\t\t<div class=\"e-con-inner\">\n\t\t\t\t<div class=\"elementor-element elementor-element-39c4b21 elementor-widget elementor-widget-text-editor\" data-id=\"39c4b21\" data-element_type=\"widget\" data-e-type=\"widget\" data-widget_type=\"text-editor.default\">\n\t\t\t\t<div class=\"elementor-widget-container\">\n\t\t\t\t\t\t\t\t\t<p class=\"p2\" style=\"color: #000000;\">Si dejas tu email y finalmente elijo trabajar contigo conseguir\u00e1s:<\/p><p class=\"p2\" style=\"color: #000000;\">&#8211; M\u00e1s tiempo para ti.<\/p><p class=\"p2\" style=\"color: #000000;\">&#8211; Ver como suben las ventas a un menor coste.<\/p><p class=\"p2\" style=\"color: #000000;\">&#8211; Nuevas ideas para crecer online, y as\u00ed consolidar y expandir tu negocio.<\/p>\t\t\t\t\t\t\t\t<\/div>\n\t\t\t\t<\/div>\n\t\t\t\t\t<\/div>\n\t\t\t\t<\/div>\n\t\t<div class=\"elementor-element elementor-element-ba5f3c3 e-flex e-con-boxed e-con e-parent\" data-id=\"ba5f3c3\" data-element_type=\"container\" data-e-type=\"container\">\n\t\t\t\t\t<div class=\"e-con-inner\">\n\t\t\t\t<div class=\"elementor-element elementor-element-e82f120 elementor-widget elementor-widget-wpforms\" data-id=\"e82f120\" data-element_type=\"widget\" data-e-type=\"widget\" data-widget_type=\"wpforms.default\">\n\t\t\t\t<div class=\"elementor-widget-container\">\n\t\t\t\t\t<div class=\"wpforms-container wpforms-container-full wpforms-render-modern\" id=\"wpforms-18\"><form id=\"wpforms-form-18\" class=\"wpforms-validate wpforms-form wpforms-ajax-form\" data-formid=\"18\" method=\"post\" enctype=\"multipart\/form-data\" action=\"\/en\/wp-json\/wp\/v2\/pages\/16\" data-token=\"8573b089b865aa77597d6a7ba64ba314\" data-token-time=\"1775763122\"><noscript class=\"wpforms-error-noscript\">Please enable JavaScript in your browser to complete this form.<\/noscript><div id=\"wpforms-error-noscript\" style=\"display: none;\">Please enable JavaScript in your browser to complete this form.<\/div><div class=\"wpforms-field-container\">\t\t<div id=\"wpforms-18-field_3-container\"\n\t\t\tclass=\"wpforms-field wpforms-field-text\"\n\t\t\tdata-field-type=\"text\"\n\t\t\tdata-field-id=\"3\"\n\t\t\t>\n\t\t\t<label class=\"wpforms-field-label\" for=\"wpforms-18-field_3\" >tu Email negocio<\/label>\n\t\t\t<input type=\"text\" id=\"wpforms-18-field_3\" class=\"wpforms-field-medium\" name=\"wpforms[fields][3]\" >\n\t\t<\/div>\n\t\t<div id=\"wpforms-18-field_1-container\" class=\"wpforms-field wpforms-field-name\" data-field-id=\"1\"><fieldset><legend class=\"wpforms-field-label\">Nombre <span class=\"wpforms-required-label\" aria-hidden=\"true\">*<\/span><\/legend><div class=\"wpforms-field-row wpforms-field-medium\"><div class=\"wpforms-field-row-block wpforms-first wpforms-one-half\"><input type=\"text\" id=\"wpforms-18-field_1\" class=\"wpforms-field-name-first wpforms-field-required\" name=\"wpforms[fields][1][first]\" aria-errormessage=\"wpforms-18-field_1-error\" required><label for=\"wpforms-18-field_1\" class=\"wpforms-field-sublabel after\">First<\/label><\/div><div class=\"wpforms-field-row-block wpforms-one-half\"><input type=\"text\" id=\"wpforms-18-field_1-last\" class=\"wpforms-field-name-last wpforms-field-required\" name=\"wpforms[fields][1][last]\" aria-errormessage=\"wpforms-18-field_1-last-error\" required><label for=\"wpforms-18-field_1-last\" class=\"wpforms-field-sublabel after\">Last<\/label><\/div><\/div><\/fieldset><\/div><div id=\"wpforms-18-field_12-container\" class=\"wpforms-field wpforms-field-phone\" data-field-id=\"12\"><label class=\"wpforms-field-label\" for=\"wpforms-18-field_12\">Tel\u00e9fono<\/label><input type=\"tel\" id=\"wpforms-18-field_12\" class=\"wpforms-field-medium wpforms-smart-phone-field\" data-rule-smart-phone-field=\"true\" name=\"wpforms[fields][12]\" aria-label=\"Tel\u00e9fono\" aria-errormessage=\"wpforms-18-field_12-error\" ><\/div><div id=\"wpforms-18-field_2-container\" class=\"wpforms-field wpforms-field-email\" data-field-id=\"2\"><label class=\"wpforms-field-label\" for=\"wpforms-18-field_2\">Email <span class=\"wpforms-required-label\" aria-hidden=\"true\">*<\/span><\/label><input type=\"email\" id=\"wpforms-18-field_2\" class=\"wpforms-field-medium wpforms-field-required\" name=\"wpforms[fields][2]\" spellcheck=\"false\" aria-errormessage=\"wpforms-18-field_2-error\" required><\/div><div id=\"wpforms-18-field_11-container\" class=\"wpforms-field wpforms-field-textarea\" data-field-id=\"11\"><label class=\"wpforms-field-label\" for=\"wpforms-18-field_11\">H\u00e1blame de tu negocio <span class=\"wpforms-required-label\" aria-hidden=\"true\">*<\/span><\/label><textarea id=\"wpforms-18-field_11\" class=\"wpforms-field-medium wpforms-field-required\" name=\"wpforms[fields][11]\" aria-errormessage=\"wpforms-18-field_11-error\" required><\/textarea><\/div><script>\n\t\t\t\t( function() {\n\t\t\t\t\tconst style = document.createElement( 'style' );\n\t\t\t\t\tstyle.appendChild( document.createTextNode( '#wpforms-18-field_3-container { position: absolute !important; overflow: hidden !important; display: inline !important; height: 1px !important; width: 1px !important; z-index: -1000 !important; padding: 0 !important; } #wpforms-18-field_3-container input { visibility: hidden; } #wpforms-conversational-form-page #wpforms-18-field_3-container label { counter-increment: none; }' ) );\n\t\t\t\t\tdocument.head.appendChild( style );\n\t\t\t\t\tdocument.currentScript?.remove();\n\t\t\t\t} )();\n\t\t\t<\/script><\/div><!-- .wpforms-field-container --><div class=\"wpforms-recaptcha-container wpforms-is-recaptcha wpforms-is-recaptcha-type-v3\" ><input type=\"hidden\" name=\"wpforms[recaptcha]\" value=\"\"><\/div><div class=\"wpforms-submit-container\" ><input type=\"hidden\" name=\"wpforms[id]\" value=\"18\"><input type=\"hidden\" name=\"page_title\" value=\"\"><input type=\"hidden\" name=\"page_url\" value=\"https:\/\/impulsodigital.pro\/en\/wp-json\/wp\/v2\/pages\/16\"><input type=\"hidden\" name=\"url_referer\" value=\"\"><button type=\"submit\" name=\"wpforms[submit]\" id=\"wpforms-submit-18\" class=\"wpforms-submit\" data-alt-text=\"Enviando...\" data-submit-text=\"Enviar\" aria-live=\"assertive\" value=\"wpforms-submit\">Enviar<\/button><img loading=\"lazy\" decoding=\"async\" src=\"https:\/\/impulsodigital.pro\/wp-content\/plugins\/wpforms\/assets\/images\/submit-spin.svg\" class=\"wpforms-submit-spinner\" style=\"display: none;\" width=\"26\" height=\"26\" alt=\"Loading\"><\/div><\/form><\/div>  <!-- .wpforms-container -->\t\t\t\t<\/div>\n\t\t\t\t<\/div>\n\t\t\t\t\t<\/div>\n\t\t\t\t<\/div>\n\t\t<div class=\"elementor-element elementor-element-488d2ef e-flex e-con-boxed e-con e-parent\" data-id=\"488d2ef\" data-element_type=\"container\" data-e-type=\"container\">\n\t\t\t\t\t<div class=\"e-con-inner\">\n\t\t<div class=\"elementor-element elementor-element-bd8d8af e-con-full e-flex e-con e-child\" data-id=\"bd8d8af\" data-element_type=\"container\" data-e-type=\"container\">\n\t\t\t\t<div class=\"elementor-element elementor-element-304b3d7 elementor-widget elementor-widget-text-editor\" data-id=\"304b3d7\" data-element_type=\"widget\" data-e-type=\"widget\" data-widget_type=\"text-editor.default\">\n\t\t\t\t<div class=\"elementor-widget-container\">\n\t\t\t\t\t\t\t\t\t<p><a href=\"https:\/\/impulsodigital.pro\/privacy-policy\/\">Pol\u00edtica de privacidad<\/a><\/p>\t\t\t\t\t\t\t\t<\/div>\n\t\t\t\t<\/div>\n\t\t\t\t<\/div>\n\t\t<div class=\"elementor-element elementor-element-6e0c53b e-con-full e-flex e-con e-child\" data-id=\"6e0c53b\" data-element_type=\"container\" data-e-type=\"container\">\n\t\t\t\t<div class=\"elementor-element elementor-element-449d4db elementor-widget elementor-widget-text-editor\" data-id=\"449d4db\" data-element_type=\"widget\" data-e-type=\"widget\" data-widget_type=\"text-editor.default\">\n\t\t\t\t<div class=\"elementor-widget-container\">\n\t\t\t\t\t\t\t\t\t<p><a href=\"https:\/\/impulsodigital.pro\/politica-de-cookies\/\">Pol\u00edtica de cookies<\/a><\/p>\t\t\t\t\t\t\t\t<\/div>\n\t\t\t\t<\/div>\n\t\t\t\t<\/div>\n\t\t<div class=\"elementor-element elementor-element-d872db6 e-con-full e-flex e-con e-child\" data-id=\"d872db6\" data-element_type=\"container\" data-e-type=\"container\">\n\t\t\t\t<div class=\"elementor-element elementor-element-1eacc5d elementor-widget elementor-widget-text-editor\" data-id=\"1eacc5d\" data-element_type=\"widget\" data-e-type=\"widget\" data-widget_type=\"text-editor.default\">\n\t\t\t\t<div class=\"elementor-widget-container\">\n\t\t\t\t\t\t\t\t\t<p><a href=\"https:\/\/impulsodigital.pro\/aviso-legal\/\">Aviso legal<\/a><\/p>\t\t\t\t\t\t\t\t<\/div>\n\t\t\t\t<\/div>\n\t\t\t\t<\/div>\n\t\t\t\t\t<\/div>\n\t\t\t\t<\/div>\n\t\t\t\t<\/div>\n\t\t","protected":false},"excerpt":{"rendered":"<p>Impulso Digital SEM Agencia de Google ads Ahora mismo escribiendo esto estoy en Hoi An el pueblo conocido por ser el m\u00e1s bonito de Vietnam por calles decoradas llenas de farolillos, sus pintorescos barcos y sus calles llenas de vida. Pensando qu\u00e9 poner para persuadir a los lectores, no mostrar necesidad, y crear una emoci\u00f3n [&hellip;]<\/p>\n","protected":false},"author":1,"featured_media":0,"parent":0,"menu_order":0,"comment_status":"closed","ping_status":"closed","template":"elementor_canvas","meta":{"footnotes":""},"class_list":["post-16","page","type-page","status-publish","hentry"],"_links":{"self":[{"href":"https:\/\/impulsodigital.pro\/en\/wp-json\/wp\/v2\/pages\/16","targetHints":{"allow":["GET"]}}],"collection":[{"href":"https:\/\/impulsodigital.pro\/en\/wp-json\/wp\/v2\/pages"}],"about":[{"href":"https:\/\/impulsodigital.pro\/en\/wp-json\/wp\/v2\/types\/page"}],"author":[{"embeddable":true,"href":"https:\/\/impulsodigital.pro\/en\/wp-json\/wp\/v2\/users\/1"}],"replies":[{"embeddable":true,"href":"https:\/\/impulsodigital.pro\/en\/wp-json\/wp\/v2\/comments?post=16"}],"version-history":[{"count":68,"href":"https:\/\/impulsodigital.pro\/en\/wp-json\/wp\/v2\/pages\/16\/revisions"}],"predecessor-version":[{"id":1168,"href":"https:\/\/impulsodigital.pro\/en\/wp-json\/wp\/v2\/pages\/16\/revisions\/1168"}],"wp:attachment":[{"href":"https:\/\/impulsodigital.pro\/en\/wp-json\/wp\/v2\/media?parent=16"}],"curies":[{"name":"wp","href":"https:\/\/api.w.org\/{rel}","templated":true}]}}